{"id":45,"date":"2017-09-23T22:28:17","date_gmt":"2017-09-23T20:28:17","guid":{"rendered":"http:\/\/dire-nous.be\/?page_id=45"},"modified":"2021-01-11T16:53:35","modified_gmt":"2021-01-11T15:53:35","slug":"fresque","status":"publish","type":"page","link":"https:\/\/dire-nous.be\/index.php\/fresque\/","title":{"rendered":"Fresques"},"content":{"rendered":"<p>&nbsp;<\/p>\n<p><strong>Cour Fisher<\/strong><\/p>\nngg_shortcode_0_placeholder\n<p><strong>Rue Spintay<\/strong><\/p>\nngg_shortcode_1_placeholder\n<p><strong>Terrain d\u2019Aventures de Hodimont<\/strong><\/p>\nngg_shortcode_2_placeholder\n<p><strong>Joindre les R\u00e9collets<\/strong><\/p>\nngg_shortcode_3_placeholder\n<p><strong>Quartier Abattoir<\/strong><\/p>\n<p>ngg_shortcode_4_placeholder<strong>Quartier Pr\u00e9javais&nbsp;<\/strong><\/p>\nngg_shortcode_5_placeholder\n<p><strong>Cr\u00e9dits photos:&nbsp;Luc Fran\u00e7oise Christophe-Baudon<\/strong><\/p>\n","protected":false},"excerpt":{"rendered":"<p>&nbsp; Cour Fisher \u00a0\u00bb order_by=\u00a0\u00bbsortorder\u00a0\u00bb order_direction=\u00a0\u00bbASC\u00a0\u00bb returns=\u00a0\u00bbincluded\u00a0\u00bb maximum_entity_count=\u00a0\u00bb500&Prime;]&nbsp; Rue Spintay \u00a0\u00bb order_by=\u00a0\u00bbsortorder\u00a0\u00bb order_direction=\u00a0\u00bbASC\u00a0\u00bb returns=\u00a0\u00bbincluded\u00a0\u00bb maximum_entity_count=\u00a0\u00bb500&Prime;]&nbsp; Terrain d\u2019Aventures de Hodimont \u00a0\u00bb order_by=\u00a0\u00bbsortorder\u00a0\u00bb order_direction=\u00a0\u00bbASC\u00a0\u00bb returns=\u00a0\u00bbincluded\u00a0\u00bb maximum_entity_count=\u00a0\u00bb500&Prime;]&nbsp; Joindre les R\u00e9collets \u00a0\u00bb order_by=\u00a0\u00bbsortorder\u00a0\u00bb order_direction=\u00a0\u00bbASC\u00a0\u00bb returns=\u00a0\u00bbincluded\u00a0\u00bb maximum_entity_count=\u00a0\u00bb500&Prime;]&nbsp; Quartier Abattoir Quartier Pr\u00e9javais&nbsp; &nbsp; Cr\u00e9dits photos:&nbsp;Luc Fran\u00e7oise Christophe-Baudon<\/p>\n","protected":false},"author":1,"featured_media":0,"parent":0,"menu_order":0,"comment_status":"closed","ping_status":"closed","template":"","meta":{"ngg_post_thumbnail":0,"footnotes":""},"_links":{"self":[{"href":"https:\/\/dire-nous.be\/index.php\/wp-json\/wp\/v2\/pages\/45"}],"collection":[{"href":"https:\/\/dire-nous.be\/index.php\/wp-json\/wp\/v2\/pages"}],"about":[{"href":"https:\/\/dire-nous.be\/index.php\/wp-json\/wp\/v2\/types\/page"}],"author":[{"embeddable":true,"href":"https:\/\/dire-nous.be\/index.php\/wp-json\/wp\/v2\/users\/1"}],"replies":[{"embeddable":true,"href":"https:\/\/dire-nous.be\/index.php\/wp-json\/wp\/v2\/comments?post=45"}],"version-history":[{"count":62,"href":"https:\/\/dire-nous.be\/index.php\/wp-json\/wp\/v2\/pages\/45\/revisions"}],"predecessor-version":[{"id":479,"href":"https:\/\/dire-nous.be\/index.php\/wp-json\/wp\/v2\/pages\/45\/revisions\/479"}],"wp:attachment":[{"href":"https:\/\/dire-nous.be\/index.php\/wp-json\/wp\/v2\/media?parent=45"}],"curies":[{"name":"wp","href":"https:\/\/api.w.org\/{rel}","templated":true}]}}