{"id":488,"date":"2021-01-11T17:22:31","date_gmt":"2021-01-11T16:22:31","guid":{"rendered":"http:\/\/dire-nous.be\/?page_id=488"},"modified":"2021-03-18T16:43:26","modified_gmt":"2021-03-18T15:43:26","slug":"documentation-2","status":"publish","type":"page","link":"https:\/\/dire-nous.be\/index.php\/documentation-2\/","title":{"rendered":"Documentation"},"content":{"rendered":"\nIci vous avez la possibilit\u00e9 de r\u00e9\u00e9couter le texte entier: \u00ab\u00a0PR\u00c9S-JAVAIS\nDU GRIS AU VERT\u00a0\u00bb, par Pamela Ghislain. \n\n\n\n<iframe loading=\"lazy\" width=\"100%\" height=\"300\" scrolling=\"no\" frameborder=\"no\" allow=\"autoplay\" src=\"https:\/\/w.soundcloud.com\/player\/?url=https%3A\/\/api.soundcloud.com\/tracks\/963567055&amp;color=%23ff5500&amp;auto_play=false&amp;hide_related=false&amp;show_comments=true&amp;show_user=true&amp;show_reposts=false&amp;show_teaser=true&amp;visual=true\"><\/iframe><div style=\"font-size: 10px; color: #cccccc;line-break: anywhere;word-break: normal;overflow: hidden;white-space: nowrap;text-overflow: ellipsis; font-family: Interstate,Lucida Grande,Lucida Sans Unicode,Lucida Sans,Garuda,Verdana,Tahoma,sans-serif;font-weight: 100;\"><a href=\"https:\/\/soundcloud.com\/user-686259206\" title=\"CJRECO\" target=\"_blank\" style=\"color: #cccccc; text-decoration: none;\" rel=\"noopener\">CJRECO<\/a> \u00b7 <a href=\"https:\/\/soundcloud.com\/user-686259206\/pres-javais-de-pghislain-reverie-commune\" title=\"Pr\u00e9s Javais De P.Ghislain Reverie Commune\" target=\"_blank\" style=\"color: #cccccc; text-decoration: none;\" rel=\"noopener\">Pr\u00e9s Javais De P.Ghislain Reverie Commune<\/a><\/div>\n","protected":false},"excerpt":{"rendered":"<p>Ici vous avez la possibilit\u00e9 de r\u00e9\u00e9couter le texte entier: \u00ab\u00a0PR\u00c9S-JAVAIS DU GRIS AU VERT\u00a0\u00bb, par Pamela Ghislain. CJRECO \u00b7 Pr\u00e9s Javais De P.Ghislain Reverie Commune<\/p>\n","protected":false},"author":1,"featured_media":0,"parent":0,"menu_order":0,"comment_status":"closed","ping_status":"closed","template":"","meta":{"ngg_post_thumbnail":0,"footnotes":""},"_links":{"self":[{"href":"https:\/\/dire-nous.be\/index.php\/wp-json\/wp\/v2\/pages\/488"}],"collection":[{"href":"https:\/\/dire-nous.be\/index.php\/wp-json\/wp\/v2\/pages"}],"about":[{"href":"https:\/\/dire-nous.be\/index.php\/wp-json\/wp\/v2\/types\/page"}],"author":[{"embeddable":true,"href":"https:\/\/dire-nous.be\/index.php\/wp-json\/wp\/v2\/users\/1"}],"replies":[{"embeddable":true,"href":"https:\/\/dire-nous.be\/index.php\/wp-json\/wp\/v2\/comments?post=488"}],"version-history":[{"count":4,"href":"https:\/\/dire-nous.be\/index.php\/wp-json\/wp\/v2\/pages\/488\/revisions"}],"predecessor-version":[{"id":500,"href":"https:\/\/dire-nous.be\/index.php\/wp-json\/wp\/v2\/pages\/488\/revisions\/500"}],"wp:attachment":[{"href":"https:\/\/dire-nous.be\/index.php\/wp-json\/wp\/v2\/media?parent=488"}],"curies":[{"name":"wp","href":"https:\/\/api.w.org\/{rel}","templated":true}]}}