{"id":7,"date":"2017-06-29T15:32:05","date_gmt":"2017-06-29T13:32:05","guid":{"rendered":"http:\/\/dire-nous.be\/?page_id=7"},"modified":"2018-11-06T15:20:32","modified_gmt":"2018-11-06T14:20:32","slug":"accueil","status":"publish","type":"page","link":"https:\/\/dire-nous.be\/","title":{"rendered":"Accueil"},"content":{"rendered":"<p style=\"text-align: justify;\">Le projet que nous vous pr\u00e9sentons r\u00e9v\u00e8le un engagement fort. Son message d\u2019abord, engag\u00e9 sur les enjeux de d\u00e9mocratie, de citoyennet\u00e9, d\u2019\u00e9galit\u00e9 et de vivre-ensemble. \u00ab <strong>Dire nous<\/strong> \u00bb est aujourd&rsquo;hui une urgence, un imp\u00e9ratif. Un \u00ab nous \u00bb d\u2019ouverture et d\u2019inclusion, un \u00ab nous \u00bb cr\u00e9ateur de citoyennet\u00e9 et de destin partag\u00e9. Dire nous, c\u2019est dire \u00ab nous Vervi\u00e9tois \u00bb ! Car Verviers est ce bien commun qui nous rassemble et nous unit quelle que soient nos origines ou nos croyances.<\/p>\n<p style=\"text-align: center;\"><iframe loading=\"lazy\" src=\"https:\/\/www.youtube.com\/embed\/Bu5mmeqHczk\" width=\"560\" height=\"315\" frameborder=\"0\" allowfullscreen=\"allowfullscreen\"><\/iframe><\/p>\n<p style=\"text-align: center;\"><em>(Vid\u00e9o r\u00e9alis\u00e9e par Mourad Touati &#8211; MHT Visio)<\/em><\/p>\n<p style=\"text-align: justify;\">Ensuite, il y a la d\u00e9marche artistique. J\u2019ai la conviction que l\u2019ouverture au street art et aux arts urbains en g\u00e9n\u00e9ral constitue un atout majeur pour le red\u00e9ploiement de territoires en difficult\u00e9s. Nombreux sont les exemples de villes ou de quartiers \u00e0 travers le monde qui, en offrant des espaces d\u2019expression ouverts sur la cit\u00e9 aux artistes et \u00e0 la jeunesse, ont r\u00e9ussi des reconversions urbaines remarquables.<\/p>\n<p>Verviers doit suivre ces exemples&#8230;<\/p>\n<p style=\"text-align: right;\"><strong>Malik Ben Achour<\/strong><br \/>\n<strong>Echevin des Affaires \u00e9conomiques, de la Mobilit\u00e9, de l&rsquo;Int\u00e9gration sociale, de la<\/strong><br \/>\n<strong>R\u00e9novation urbaine et des Ev\u00e9nements<\/strong><br \/>\n<strong>Ville de Verviers<\/strong><\/p>\n<p>&nbsp;<\/p>\n<p style=\"text-align: center;\">&nbsp;<\/p>\n","protected":false},"excerpt":{"rendered":"<p>Le projet que nous vous pr\u00e9sentons r\u00e9v\u00e8le un engagement fort. Son message d\u2019abord, engag\u00e9 sur les enjeux de d\u00e9mocratie, de citoyennet\u00e9, d\u2019\u00e9galit\u00e9 et de vivre-ensemble. \u00ab Dire nous \u00bb est aujourd&rsquo;hui une urgence, un imp\u00e9ratif. Un \u00ab nous \u00bb d\u2019ouverture et d\u2019inclusion, un \u00ab nous \u00bb cr\u00e9ateur de citoyennet\u00e9 et de destin partag\u00e9. Dire nous, &hellip; <a href=\"https:\/\/dire-nous.be\/\" class=\"more-link\">Continuer la lecture<span class=\"screen-reader-text\"> de &laquo;&nbsp;Accueil&nbsp;&raquo;<\/span><\/a><\/p>\n","protected":false},"author":1,"featured_media":0,"parent":0,"menu_order":0,"comment_status":"closed","ping_status":"closed","template":"","meta":{"ngg_post_thumbnail":0,"footnotes":""},"_links":{"self":[{"href":"https:\/\/dire-nous.be\/index.php\/wp-json\/wp\/v2\/pages\/7"}],"collection":[{"href":"https:\/\/dire-nous.be\/index.php\/wp-json\/wp\/v2\/pages"}],"about":[{"href":"https:\/\/dire-nous.be\/index.php\/wp-json\/wp\/v2\/types\/page"}],"author":[{"embeddable":true,"href":"https:\/\/dire-nous.be\/index.php\/wp-json\/wp\/v2\/users\/1"}],"replies":[{"embeddable":true,"href":"https:\/\/dire-nous.be\/index.php\/wp-json\/wp\/v2\/comments?post=7"}],"version-history":[{"count":13,"href":"https:\/\/dire-nous.be\/index.php\/wp-json\/wp\/v2\/pages\/7\/revisions"}],"predecessor-version":[{"id":446,"href":"https:\/\/dire-nous.be\/index.php\/wp-json\/wp\/v2\/pages\/7\/revisions\/446"}],"wp:attachment":[{"href":"https:\/\/dire-nous.be\/index.php\/wp-json\/wp\/v2\/media?parent=7"}],"curies":[{"name":"wp","href":"https:\/\/api.w.org\/{rel}","templated":true}]}}